{"id":81,"date":"2016-12-12T20:37:00","date_gmt":"2016-12-12T23:37:00","guid":{"rendered":"http:\/\/ispartner.cl\/wp\/?page_id=81"},"modified":"2016-12-12T20:38:04","modified_gmt":"2016-12-12T23:38:04","slug":"arquitectura-de-seguridad","status":"publish","type":"page","link":"http:\/\/ispartner.cl\/wp\/arquitectura-de-seguridad\/","title":{"rendered":"Arquitectura de Seguridad"},"content":{"rendered":"<h1>\u00bfEst\u00e1s tranquilo con la infraestructura que te protege?<\/h1>\n<p>Firewall, routers, switches, antispam, antivirus, filtro de contenido, anti DDoS, scanner de vulnerabilidades, WAF&#8230; y un largo etc\u00e9tera.<\/p>\n<p>La verdad es que cuando se trata de soluciones de seguridad, las alternativas son muchas, siendo una adecuada combinaci\u00f3n de esas herramientas la forma mas efectiva y eficiente de protegerse.<\/p>\n<p>La pregunta es: <strong>\u00bftiene tu organizaci\u00f3n el conjunto adecuado de herramientas?<\/strong><\/p>\n<p>Esta es una pregunta muy compleja de responder, a la vez que es f\u00e1cil errar. Sin embargo, dados los costos de inversi\u00f3n como de mantenimiento y soporte de los dispositivos de seguridad, es imprescindible buscar una respuesta adecuada a la organizaci\u00f3n y la sensibilidad al riesgo que se quiere mantener.<\/p>\n<p><img loading=\"lazy\" decoding=\"async\" class=\"size-medium wp-image-82 alignleft\" src=\"http:\/\/ispartner.cl\/wp\/wp-content\/uploads\/2016\/12\/eniac-2-300x172.jpg\" alt=\"\" width=\"300\" height=\"172\" srcset=\"http:\/\/ispartner.cl\/wp\/wp-content\/uploads\/2016\/12\/eniac-2-300x172.jpg 300w, http:\/\/ispartner.cl\/wp\/wp-content\/uploads\/2016\/12\/eniac-2-768x441.jpg 768w, http:\/\/ispartner.cl\/wp\/wp-content\/uploads\/2016\/12\/eniac-2-250x143.jpg 250w, http:\/\/ispartner.cl\/wp\/wp-content\/uploads\/2016\/12\/eniac-2.jpg 800w\" sizes=\"auto, (max-width: 300px) 100vw, 300px\" \/><\/p>\n<p>Para ello es necesario entender no solo la arquitectura tecnol\u00f3gica instalada, sino la interrelaci\u00f3n entre sus componentes, los modelos de gesti\u00f3n, soporte, mantenimiento, actualizaci\u00f3n, monitoreo, etc., de tal forma de identificar las brechas de seguridad presentes en la infraestructura y as\u00ed buscar una soluci\u00f3n costo efectiva que permita mitigar los riesgos de exposici\u00f3n.<\/p>\n<p>Es imprescindible que est\u00e9s tranquilo con las barreras que te protegen, te ayudamos a lograrlo.<\/p>\n<p>&nbsp;<\/p>\n","protected":false},"excerpt":{"rendered":"<p>\u00bfEst\u00e1s tranquilo con la infraestructura que te protege? Firewall, routers, switches, antispam, antivirus, filtro de contenido, anti DDoS, scanner de vulnerabilidades, WAF&#8230; y un largo etc\u00e9tera. La verdad es que cuando se trata de soluciones de seguridad, las alternativas son muchas, siendo una adecuada combinaci\u00f3n de esas herramientas la forma mas efectiva y eficiente de&hellip; <br \/> <a class=\"read-more\" href=\"http:\/\/ispartner.cl\/wp\/arquitectura-de-seguridad\/\">Leer m\u00e1s<\/a><\/p>\n","protected":false},"author":1,"featured_media":0,"parent":0,"menu_order":0,"comment_status":"closed","ping_status":"closed","template":"","meta":{"footnotes":""},"class_list":["post-81","page","type-page","status-publish","hentry"],"_links":{"self":[{"href":"http:\/\/ispartner.cl\/wp\/wp-json\/wp\/v2\/pages\/81","targetHints":{"allow":["GET"]}}],"collection":[{"href":"http:\/\/ispartner.cl\/wp\/wp-json\/wp\/v2\/pages"}],"about":[{"href":"http:\/\/ispartner.cl\/wp\/wp-json\/wp\/v2\/types\/page"}],"author":[{"embeddable":true,"href":"http:\/\/ispartner.cl\/wp\/wp-json\/wp\/v2\/users\/1"}],"replies":[{"embeddable":true,"href":"http:\/\/ispartner.cl\/wp\/wp-json\/wp\/v2\/comments?post=81"}],"version-history":[{"count":1,"href":"http:\/\/ispartner.cl\/wp\/wp-json\/wp\/v2\/pages\/81\/revisions"}],"predecessor-version":[{"id":84,"href":"http:\/\/ispartner.cl\/wp\/wp-json\/wp\/v2\/pages\/81\/revisions\/84"}],"wp:attachment":[{"href":"http:\/\/ispartner.cl\/wp\/wp-json\/wp\/v2\/media?parent=81"}],"curies":[{"name":"wp","href":"https:\/\/api.w.org\/{rel}","templated":true}]}}